{"id":22,"date":"2025-03-04T01:19:39","date_gmt":"2025-03-04T01:19:39","guid":{"rendered":"https:\/\/saaher.cl\/?page_id=22"},"modified":"2025-04-03T01:13:34","modified_gmt":"2025-04-03T01:13:34","slug":"mantencion-de-ascensores","status":"publish","type":"page","link":"https:\/\/saaher.cl\/index.php\/servicios\/mantencion-de-ascensores\/","title":{"rendered":"Mantenci\u00f3n de Ascensores"},"content":{"rendered":"\n\n\n<p style=\"text-align: center;\"><span style=\"font-size: small; font-family: &quot;Bellota Text&quot;;\"><b><span style=\"color:#31a32c;\">INICIO&nbsp;<\/span>\/ SERVICIOS \/MANTENCI\u00d3NDE ASCENSORES<\/b><\/span><\/p>\n<h2>Mantenci\u00f3n de Ascensores<\/h2>\n\n\n\n\n\n\n\n<p style=\"text-align: center;\">La Mantenci\u00f3n preventiva&nbsp; de Saaher&nbsp; se realiza bajo un riguroso&nbsp; programa establecido para cada tipo de ascensor, montacargas o escalera Mec\u00e1nica, con el objetivo de asegurar el normal funcionamiento del equipo y garantizando la seguridad y satisfacci\u00f3n del usuario.<\/p>\n\n\n\n\n<h3>PRIMERA ETAPA<\/h3>\n\nEn la primera revisi\u00f3n de su equipo, nuestros t\u00e9cnicos realizan un ajuste completo de partes y piezas junto a un informe de revisi\u00f3n detallado al momento de la recepci\u00f3n. Posterior a eso, realizan una mantenci\u00f3n preventiva y determinan el estado real del ascensor.<\/p>\n\n\n<h3>SEGUNDA ETAPA<\/h3>\n\nDise\u00f1amos un plan de trabajo con objetivos mensuales acorde con las necesidades de nuestros clientes para disponer del equipo y realizar la mantenci\u00f3n sin afectar el funcionamiento normal del inmueble junto al tr\u00e1fico diario de pasajeros.<\/p>\n\n\n\n\n\n<h3><span style=\"font-weight: normal;\">VENTAJAS DE NUESTRO SERVICIO<\/span><\/h3>\n\n\n\n<h2><span style=\"font-weight: normal;\">MAS INVERSI\u00d3N EN EL <br>TIEMPO DE MANTENCI\u00d3N<\/span><\/h2>\n\n<p style=\"text-align: center; color: rgb(255, 255, 255);\">invertimos el doble del tiempo promedio de las empresas del rubro para la mantenci\u00f3n de su equipo y nos damos los espacios necesarios para determinar cualquier problema<\/p>\n\n\n<h2>PERSONAL ESPECIALIZADO Y EXCLUSIVO DE MANTENCI\u00d3N<\/h2>\n\n<p style=\"text-align: center; color: rgb(255, 255, 255);\">A diferencia de otras empresas, nuestros t\u00e9cnicos utilizan su tiempo a la mantenci\u00f3n sin ser involucrados en atenci\u00f3n de emergencias ni reparaciones ajenas al establecimiento del cliente<\/p>\n\n\n<h2>PERSONAL EXCLUSIVO<br>&nbsp;DE EMERGENCIAS<\/h2>\n\n<p style=\"text-align: center;\"><span style=\"color:#ffffff;\">Contamos con t\u00e9cnicos especializados s\u00f3lo para emergencias, lo que permite disponibilidad en rango <br>m\u00e1ximo de 2 horas.<\/p><\/span>\n\n\n<h2>AUDITOR\u00cdAS INTERNAS<br>&nbsp;DE MANTENCI\u00d3N<\/h2>\n\n<p style=\"text-align: center; color: rgb(255, 255, 255);\">Un supervisor de mantenci\u00f3n ser\u00e1 responsable de la inspecci\u00f3n de calidad en las mantenciones realizadas, controlando, corrigiendo y mejorando constantemente la calidad de nuestro servicio<\/p>\n\n\n\n\n\n\n\n\n<h3>ABASTECIMIENTO GARANTIZADO<\/h3>\n\n<p style=\"text-align: center;\">Saaher cuenta con acceso a repuestos originales y alternativos de cualquier tipo de Ascensores, Montacargas o Escalera mec\u00e1nica. Se cuenta con stock disponible y acceso a importaci\u00f3n directa a los principales fabricantes del mundo, con respaldo y garant\u00edas del mercado.<\/p>\n\n\n\n\n\n\n","protected":false},"excerpt":{"rendered":"","protected":false},"author":1,"featured_media":0,"parent":15,"menu_order":0,"comment_status":"closed","ping_status":"closed","template":"","meta":{"pagelayer_contact_templates":[],"_pagelayer_content":"","footnotes":""},"class_list":["post-22","page","type-page","status-publish","hentry"],"aioseo_notices":[],"_links":{"self":[{"href":"https:\/\/saaher.cl\/index.php\/wp-json\/wp\/v2\/pages\/22","targetHints":{"allow":["GET"]}}],"collection":[{"href":"https:\/\/saaher.cl\/index.php\/wp-json\/wp\/v2\/pages"}],"about":[{"href":"https:\/\/saaher.cl\/index.php\/wp-json\/wp\/v2\/types\/page"}],"author":[{"embeddable":true,"href":"https:\/\/saaher.cl\/index.php\/wp-json\/wp\/v2\/users\/1"}],"replies":[{"embeddable":true,"href":"https:\/\/saaher.cl\/index.php\/wp-json\/wp\/v2\/comments?post=22"}],"version-history":[{"count":28,"href":"https:\/\/saaher.cl\/index.php\/wp-json\/wp\/v2\/pages\/22\/revisions"}],"predecessor-version":[{"id":348,"href":"https:\/\/saaher.cl\/index.php\/wp-json\/wp\/v2\/pages\/22\/revisions\/348"}],"up":[{"embeddable":true,"href":"https:\/\/saaher.cl\/index.php\/wp-json\/wp\/v2\/pages\/15"}],"wp:attachment":[{"href":"https:\/\/saaher.cl\/index.php\/wp-json\/wp\/v2\/media?parent=22"}],"curies":[{"name":"wp","href":"https:\/\/api.w.org\/{rel}","templated":true}]}}