{"id":11,"date":"2025-03-04T01:15:04","date_gmt":"2025-03-04T01:15:04","guid":{"rendered":"https:\/\/saaher.cl\/?page_id=11"},"modified":"2025-04-03T01:17:54","modified_gmt":"2025-04-03T01:17:54","slug":"quienes-somos","status":"publish","type":"page","link":"https:\/\/saaher.cl\/index.php\/quienes-somos\/","title":{"rendered":"Quienes Somos"},"content":{"rendered":"\n\n\n<p style=\"text-align: center;\"><strong style=\"font-size: small; font-family: &quot;Bellota Text&quot;;\"><span style=\"color:#31a32c;\">INICIO&nbsp;<\/span>\/ QUIENES SOMOS<\/strong><\/p>\n<h4><strong>QUIENES SOMOS?<\/strong><\/h4>\n\n\n\n\n\n\n\n<b>SAAHER ASCENSORES<\/b> es una empresa dedicada exclusivamente a la mantenci\u00f3n de ascensores. Nace en 1996 con el claro prop\u00f3sito de entregar un servicio de excelencia a sus clientes.\n<br><br>Hoy, <b>SAAHER ASCENSORES<\/b>, se proyecta como la mayor empresa en mantenci\u00f3n, modernizaci\u00f3n y control de ascensores en Chile logrando la <b>certificaci\u00f3n MINVU<\/b> para empresas autorizadas del rubro expresada y requerida en la <b>Ley N\u00ba 20.296.<\/b>\n\n\nNuestras tres \u00e1reas de servicios est\u00e1n cubiertas por un personal compuesto de ingenieros, t\u00e9cnicos y profesionales del rubro.\n<br><br>La especializaci\u00f3n de <b>SAAHER ASCENSORES<\/b> a lo largo de los a\u00f1os ha permitido lograr ese enfoque que nuestros clientes necesitan, resolviendo bajo cualquier circunstancia en forma segura, eficiente y eficaz el transporte de pasajeros a sus oficinas, hogares y espacios de recreaci\u00f3n.\n\n\n\n\n<h4>MODERNIZACI\u00d3N DE ASCENSORES<\/h4>\n\n<p style=\"text-align: center;\"><span style=\"color: rgb(102, 102, 102); font-family: Roboto; font-size: 14px;\"><span style=\"color:#ffffff;\">Contamos con acceso garantizado a repuestos lo que permite una reparaci\u00f3n con el menor tiempo de espera.<\/span><br><\/span><\/p>\n\n\n\n<h4>MANTENCI\u00d3N DE ASCENSORES<\/h4>\n\n<p style=\"text-align: center;\"><span style=\"color: rgb(102, 102, 102); font-family: Roboto; font-size: 14px;\"><span style=\"color:#000000;\">Nuestro completo equipo de t\u00e9cnicos ofrece mantener un servicio estable y continuo durante todo el a\u00f1o.<\/span><br><\/span><\/p>\n\n\n\n<h4>REPARACI\u00d3N DE ASCENSORES<\/h4>\n\n<p style=\"text-align: center;\"><span style=\"color: rgb(102, 102, 102); font-family: Roboto; font-size: 14px;\"><span style=\"color:#ffffff;\">Contamos con acceso garantizado a repuestos lo que permite una reparaci\u00f3n con el menor tiempo de espera.<\/span><br><\/span><\/p>\n\n\n\n<h4>INSTALACI\u00d3N DE ASCENSORES<\/h4>\n\n<p style=\"text-align: center;\"><span style=\"color: rgb(102, 102, 102); font-family: Roboto; font-size: 14px;\"><span style=\"color:#000000;\">Nuestro completo equipo de t\u00e9cnicos ofrece mantener un servicio estable y continuo durante todo el a\u00f1o.<\/span><br><\/span><\/p>\n\n\n\n\n\n\n<h4>SOMOS UNA EMPRESA CERTIFICADA<\/h4>\n\n<b>Saaher Ascensores<\/b> se encuentra inscrita en el Registro\nNacional de Instaladores, Mantenedores y Certificadores de\nAscensores, tanto verticales como inclinados o funiculares,\nmontacargas y escaleras o rampas mec\u00e1nicas. Siendo una de\nlas primeras empresas inscritas a nivel Nacional en el A\u00f1o\n2010.<br><br><div><b>Registros:<\/b><\/div><div>Registro Especialidad Mantenedores: <b>Res. N\u00b0 2086<\/b><\/div><div>Registro Especialidad Instaladores: <b>Res. N\u00b0 3322<\/b><\/div>\n\n\n\n<h2><span style=\"font-weight: normal;\">CERTIFICACI\u00d3N <br>LEY N\u00b0 20.296<\/span><\/h2>\n\n\n\n\n","protected":false},"excerpt":{"rendered":"","protected":false},"author":1,"featured_media":0,"parent":0,"menu_order":0,"comment_status":"closed","ping_status":"closed","template":"","meta":{"pagelayer_contact_templates":[],"_pagelayer_content":"","footnotes":""},"class_list":["post-11","page","type-page","status-publish","hentry"],"aioseo_notices":[],"_links":{"self":[{"href":"https:\/\/saaher.cl\/index.php\/wp-json\/wp\/v2\/pages\/11","targetHints":{"allow":["GET"]}}],"collection":[{"href":"https:\/\/saaher.cl\/index.php\/wp-json\/wp\/v2\/pages"}],"about":[{"href":"https:\/\/saaher.cl\/index.php\/wp-json\/wp\/v2\/types\/page"}],"author":[{"embeddable":true,"href":"https:\/\/saaher.cl\/index.php\/wp-json\/wp\/v2\/users\/1"}],"replies":[{"embeddable":true,"href":"https:\/\/saaher.cl\/index.php\/wp-json\/wp\/v2\/comments?post=11"}],"version-history":[{"count":26,"href":"https:\/\/saaher.cl\/index.php\/wp-json\/wp\/v2\/pages\/11\/revisions"}],"predecessor-version":[{"id":351,"href":"https:\/\/saaher.cl\/index.php\/wp-json\/wp\/v2\/pages\/11\/revisions\/351"}],"wp:attachment":[{"href":"https:\/\/saaher.cl\/index.php\/wp-json\/wp\/v2\/media?parent=11"}],"curies":[{"name":"wp","href":"https:\/\/api.w.org\/{rel}","templated":true}]}}